{"id":5505,"date":"2023-06-16T17:08:41","date_gmt":"2023-06-16T17:08:41","guid":{"rendered":"https:\/\/azoteadesanti.es\/adults\/"},"modified":"2023-10-20T09:31:04","modified_gmt":"2023-10-20T09:31:04","slug":"adults","status":"publish","type":"page","link":"https:\/\/azoteadesanti.es\/en\/adults\/","title":{"rendered":"Adults"},"content":{"rendered":"\t\t<div data-elementor-type=\"wp-page\" data-elementor-id=\"5505\" class=\"elementor elementor-5505 elementor-5025\">\n\t\t\t\t\t\t<section class=\"elementor-section elementor-top-section elementor-element elementor-element-a2632c0 elementor-section-stretched custom-home_classic-style02 elementor-section-boxed elementor-section-height-default elementor-section-height-default\" data-id=\"a2632c0\" data-element_type=\"section\" data-e-type=\"section\" data-settings=\"{&quot;stretch_section&quot;:&quot;section-stretched&quot;,&quot;animation&quot;:&quot;none&quot;}\">\n\t\t\t\t\t\t<div class=\"elementor-container elementor-column-gap-extended\">\n\t\t\t\t\t<div class=\"elementor-column elementor-col-100 elementor-top-column elementor-element elementor-element-2a1db86\" data-id=\"2a1db86\" data-element_type=\"column\" data-e-type=\"column\">\n\t\t\t<div class=\"elementor-widget-wrap\">\n\t\t\t\t\t\t\t<\/div>\n\t\t<\/div>\n\t\t\t\t\t<\/div>\n\t\t<\/section>\n\t\t\t\t<section class=\"elementor-section elementor-top-section elementor-element elementor-element-6db8a71 elementor-section-full_width elementor-section-height-default elementor-section-height-default\" data-id=\"6db8a71\" data-element_type=\"section\" data-e-type=\"section\">\n\t\t\t\t\t\t<div class=\"elementor-container elementor-column-gap-default\">\n\t\t\t\t\t<div class=\"elementor-column elementor-col-50 elementor-top-column elementor-element elementor-element-b0b5e78\" data-id=\"b0b5e78\" data-element_type=\"column\" data-e-type=\"column\">\n\t\t\t<div class=\"elementor-widget-wrap\">\n\t\t\t\t\t\t\t<\/div>\n\t\t<\/div>\n\t\t\t\t<div class=\"elementor-column elementor-col-50 elementor-top-column elementor-element elementor-element-01da8ca\" data-id=\"01da8ca\" data-element_type=\"column\" data-e-type=\"column\">\n\t\t\t<div class=\"elementor-widget-wrap\">\n\t\t\t\t\t\t\t<\/div>\n\t\t<\/div>\n\t\t\t\t\t<\/div>\n\t\t<\/section>\n\t\t\t\t<\/div>\n\t\t","protected":false},"excerpt":{"rendered":"<p>IR A LA TIENDA A\u00f1adir al carrito \ud83d\udc33Ballena \u2013 Bolsa de tela org\u00e1nica A\u00f1adir a lista de deseos A\u00f1adir a lista de deseos \u20ac&nbsp;24,50 IVA+Portes incluidos Seleccionar opciones \ud83d\udc00Rat\u00f3n + Queso\ud83e\uddc0- Bolsa de tela org\u00e1nica\ud83d\udc5c A\u00f1adir a lista de deseos A\u00f1adir a lista de deseos \u20ac&nbsp;24,50 IVA+Portes incluidos Elige una opci\u00f3nLight DenimBlanco Nuevo A\u00f1adir al [&hellip;]<\/p>\n","protected":false},"author":1,"featured_media":5506,"parent":0,"menu_order":0,"comment_status":"closed","ping_status":"closed","template":"","meta":{"footnotes":""},"class_list":["post-5505","page","type-page","status-publish","has-post-thumbnail","hentry"],"_links":{"self":[{"href":"https:\/\/azoteadesanti.es\/en\/wp-json\/wp\/v2\/pages\/5505","targetHints":{"allow":["GET"]}}],"collection":[{"href":"https:\/\/azoteadesanti.es\/en\/wp-json\/wp\/v2\/pages"}],"about":[{"href":"https:\/\/azoteadesanti.es\/en\/wp-json\/wp\/v2\/types\/page"}],"author":[{"embeddable":true,"href":"https:\/\/azoteadesanti.es\/en\/wp-json\/wp\/v2\/users\/1"}],"replies":[{"embeddable":true,"href":"https:\/\/azoteadesanti.es\/en\/wp-json\/wp\/v2\/comments?post=5505"}],"version-history":[{"count":1,"href":"https:\/\/azoteadesanti.es\/en\/wp-json\/wp\/v2\/pages\/5505\/revisions"}],"predecessor-version":[{"id":5507,"href":"https:\/\/azoteadesanti.es\/en\/wp-json\/wp\/v2\/pages\/5505\/revisions\/5507"}],"wp:featuredmedia":[{"embeddable":true,"href":"https:\/\/azoteadesanti.es\/en\/wp-json\/wp\/v2\/media\/5506"}],"wp:attachment":[{"href":"https:\/\/azoteadesanti.es\/en\/wp-json\/wp\/v2\/media?parent=5505"}],"curies":[{"name":"wp","href":"https:\/\/api.w.org\/{rel}","templated":true}]}}