{"id":5513,"date":"2023-06-16T15:57:39","date_gmt":"2023-06-16T15:57:39","guid":{"rendered":"https:\/\/azoteadesanti.es\/kids\/"},"modified":"2023-10-20T09:39:51","modified_gmt":"2023-10-20T09:39:51","slug":"kids","status":"publish","type":"page","link":"https:\/\/azoteadesanti.es\/en\/kids\/","title":{"rendered":"Kids"},"content":{"rendered":"\t\t<div data-elementor-type=\"wp-page\" data-elementor-id=\"5513\" class=\"elementor elementor-5513 elementor-4978\">\n\t\t\t\t\t\t<section class=\"elementor-section elementor-top-section elementor-element elementor-element-a2632c0 elementor-section-stretched custom-home_classic-style02 elementor-section-boxed elementor-section-height-default elementor-section-height-default\" data-id=\"a2632c0\" data-element_type=\"section\" data-e-type=\"section\" data-settings=\"{&quot;stretch_section&quot;:&quot;section-stretched&quot;,&quot;animation&quot;:&quot;none&quot;}\">\n\t\t\t\t\t\t<div class=\"elementor-container elementor-column-gap-extended\">\n\t\t\t\t\t<div class=\"elementor-column elementor-col-100 elementor-top-column elementor-element elementor-element-2a1db86\" data-id=\"2a1db86\" data-element_type=\"column\" data-e-type=\"column\">\n\t\t\t<div class=\"elementor-widget-wrap\">\n\t\t\t\t\t\t\t<\/div>\n\t\t<\/div>\n\t\t\t\t\t<\/div>\n\t\t<\/section>\n\t\t\t\t<section class=\"elementor-section elementor-top-section elementor-element elementor-element-6db8a71 elementor-section-full_width elementor-section-height-default elementor-section-height-default\" data-id=\"6db8a71\" data-element_type=\"section\" data-e-type=\"section\">\n\t\t\t\t\t\t<div class=\"elementor-container elementor-column-gap-default\">\n\t\t\t\t\t<div class=\"elementor-column elementor-col-50 elementor-top-column elementor-element elementor-element-b0b5e78\" data-id=\"b0b5e78\" data-element_type=\"column\" data-e-type=\"column\">\n\t\t\t<div class=\"elementor-widget-wrap\">\n\t\t\t\t\t\t\t<\/div>\n\t\t<\/div>\n\t\t\t\t<div class=\"elementor-column elementor-col-50 elementor-top-column elementor-element elementor-element-01da8ca\" data-id=\"01da8ca\" data-element_type=\"column\" data-e-type=\"column\">\n\t\t\t<div class=\"elementor-widget-wrap\">\n\t\t\t\t\t\t\t<\/div>\n\t\t<\/div>\n\t\t\t\t\t<\/div>\n\t\t<\/section>\n\t\t\t\t<\/div>\n\t\t","protected":false},"excerpt":{"rendered":"<p>IR A LA TIENDA Nuevo Seleccionar opciones \ud83d\ude38\ud83d\udc36\ud83d\udc30Camiseta full-print chic@s A&ntilde;adir a lista de deseos A&ntilde;adir a lista de deseos &euro;&nbsp;29,00 IVA+Portes incluidos Elige una opci\u00f3n2T3T4T5T66X7 INSTAGRAM 9 10 9 12 11 10 Novedadesen tu email Subscr\u00edbete Deja vac\u00edo este campo si eres humano:<\/p>\n","protected":false},"author":1,"featured_media":5514,"parent":0,"menu_order":0,"comment_status":"closed","ping_status":"closed","template":"","meta":{"footnotes":""},"class_list":["post-5513","page","type-page","status-publish","has-post-thumbnail","hentry"],"_links":{"self":[{"href":"https:\/\/azoteadesanti.es\/en\/wp-json\/wp\/v2\/pages\/5513","targetHints":{"allow":["GET"]}}],"collection":[{"href":"https:\/\/azoteadesanti.es\/en\/wp-json\/wp\/v2\/pages"}],"about":[{"href":"https:\/\/azoteadesanti.es\/en\/wp-json\/wp\/v2\/types\/page"}],"author":[{"embeddable":true,"href":"https:\/\/azoteadesanti.es\/en\/wp-json\/wp\/v2\/users\/1"}],"replies":[{"embeddable":true,"href":"https:\/\/azoteadesanti.es\/en\/wp-json\/wp\/v2\/comments?post=5513"}],"version-history":[{"count":1,"href":"https:\/\/azoteadesanti.es\/en\/wp-json\/wp\/v2\/pages\/5513\/revisions"}],"predecessor-version":[{"id":5515,"href":"https:\/\/azoteadesanti.es\/en\/wp-json\/wp\/v2\/pages\/5513\/revisions\/5515"}],"wp:featuredmedia":[{"embeddable":true,"href":"https:\/\/azoteadesanti.es\/en\/wp-json\/wp\/v2\/media\/5514"}],"wp:attachment":[{"href":"https:\/\/azoteadesanti.es\/en\/wp-json\/wp\/v2\/media?parent=5513"}],"curies":[{"name":"wp","href":"https:\/\/api.w.org\/{rel}","templated":true}]}}