{"id":6406,"date":"2024-02-20T19:09:10","date_gmt":"2024-02-20T19:09:10","guid":{"rendered":"https:\/\/azoteadesanti.es\/producto\/sorpresa-subacuatica\/"},"modified":"2024-02-20T19:09:31","modified_gmt":"2024-02-20T19:09:31","slug":"sorpresa-subacuatica","status":"publish","type":"product","link":"https:\/\/azoteadesanti.es\/en\/producto\/sorpresa-subacuatica\/","title":{"rendered":"Sorpresa subacu\u00e1tica"},"content":{"rendered":"<p>\u00bfPor qu\u00e9 se sorprenden los amigos del submarino? \u00bfQu\u00e9 hallazgo habr\u00e1n encontrado? Abre el cuaderno para ver las portadas a la vez y encontrar\u00e1s lo que les pareci\u00f3 inaudito.<\/p>\n<p>\u2022 Tapas de cart\u00f3n con revestimiento suave<br \/>\n\u2022 Encuadernado de anillas<br \/>\n\u2022 100 p\u00e1ginas con puntos<br \/>\n\u2022 Dimensiones para gesti\u00f3n en la UE: 14,5 \u00d7 21 cm<\/p>\n","protected":false},"excerpt":{"rendered":"<p>\u00bfPor qu\u00e9 se sorprenden los amigos del submarino? \u00bfQu\u00e9 hallazgo habr\u00e1n encontrado? Abre el cuaderno para ver las portadas a la vez y encontrar\u00e1s lo que les pareci\u00f3 inaudito. \u2022 Tapas de cart\u00f3n con revestimiento suave \u2022 Encuadernado de anillas \u2022 100 p\u00e1ginas con puntos \u2022 Dimensiones para gesti\u00f3n en la UE: 14,5 \u00d7 21 [&hellip;]<\/p>\n","protected":false},"featured_media":6407,"template":"","meta":[],"product_brand":[],"product_cat":[122,101],"product_tag":[],"class_list":{"0":"post-6406","1":"product","2":"type-product","3":"status-publish","4":"has-post-thumbnail","6":"product_cat-cuadernos","7":"product_cat-papeleria","10":"first","11":"instock","12":"taxable","13":"shipping-taxable","14":"purchasable","15":"product-type-simple"},"_links":{"self":[{"href":"https:\/\/azoteadesanti.es\/en\/wp-json\/wp\/v2\/product\/6406","targetHints":{"allow":["GET"]}}],"collection":[{"href":"https:\/\/azoteadesanti.es\/en\/wp-json\/wp\/v2\/product"}],"about":[{"href":"https:\/\/azoteadesanti.es\/en\/wp-json\/wp\/v2\/types\/product"}],"version-history":[{"count":0,"href":"https:\/\/azoteadesanti.es\/en\/wp-json\/wp\/v2\/product\/6406\/revisions"}],"wp:featuredmedia":[{"embeddable":true,"href":"https:\/\/azoteadesanti.es\/en\/wp-json\/wp\/v2\/media\/6407"}],"wp:attachment":[{"href":"https:\/\/azoteadesanti.es\/en\/wp-json\/wp\/v2\/media?parent=6406"}],"wp:term":[{"taxonomy":"product_brand","embeddable":true,"href":"https:\/\/azoteadesanti.es\/en\/wp-json\/wp\/v2\/product_brand?post=6406"},{"taxonomy":"product_cat","embeddable":true,"href":"https:\/\/azoteadesanti.es\/en\/wp-json\/wp\/v2\/product_cat?post=6406"},{"taxonomy":"product_tag","embeddable":true,"href":"https:\/\/azoteadesanti.es\/en\/wp-json\/wp\/v2\/product_tag?post=6406"}],"curies":[{"name":"wp","href":"https:\/\/api.w.org\/{rel}","templated":true}]}}