{"id":6422,"date":"2024-02-26T11:13:48","date_gmt":"2024-02-26T11:13:48","guid":{"rendered":"https:\/\/azoteadesanti.es\/producto\/%f0%9f%90%acdelfin-unisex\/"},"modified":"2024-02-26T11:14:31","modified_gmt":"2024-02-26T11:14:31","slug":"%f0%9f%90%acdelfin-unisex","status":"publish","type":"product","link":"https:\/\/azoteadesanti.es\/en\/producto\/%f0%9f%90%acdelfin-unisex\/","title":{"rendered":"\ud83d\udc2cDelf\u00edn Unisex"},"content":{"rendered":"<p>Acabas de encontrar la camiseta esencial para tu fondo de armario. Est\u00e1 confeccionada en un algod\u00f3n 100% hilado en anillos que la hace una prenda suave y c\u00f3moda. El doble punto en el cuello y las mangas a\u00f1ade m\u00e1s durabilidad que seguro la convertir\u00e1 en una de tus prendas favoritas.  <\/p>\n<p>\u2022 Algod\u00f3n 100% hilado en anillos<br \/>\n\u2022 153 g\/m\u00b2<br \/>\n\u2022 REfuerzo de doble costura de hombro a hombro<br \/>\n\u2022 Cuerpo con un cuarto de vuelta para evitar arrugas en el centro<\/p>\n","protected":false},"excerpt":{"rendered":"<p>Acabas de encontrar la camiseta esencial para tu fondo de armario. Est\u00e1 confeccionada en un algod\u00f3n 100% hilado en anillos que la hace una prenda suave y c\u00f3moda. El doble punto en el cuello y las mangas a\u00f1ade m\u00e1s durabilidad que seguro la convertir\u00e1 en una de tus prendas favoritas. \u2022 Algod\u00f3n 100% hilado en [&hellip;]<\/p>\n","protected":false},"featured_media":6439,"template":"","meta":[],"product_brand":[],"product_cat":[435,65,66],"product_tag":[],"class_list":{"0":"post-6422","1":"product","2":"type-product","3":"status-publish","4":"has-post-thumbnail","6":"product_cat-adultos","7":"product_cat-camisetas-remeras","8":"product_cat-ropa","9":"pa_color-blanco","10":"pa_color-negro","11":"pa_talla-2xl","12":"pa_talla-3xl","13":"pa_talla-l","14":"pa_talla-m","15":"pa_talla-s","16":"pa_talla-xl","19":"first","20":"instock","21":"taxable","22":"shipping-taxable","23":"purchasable","24":"product-type-variable"},"_links":{"self":[{"href":"https:\/\/azoteadesanti.es\/en\/wp-json\/wp\/v2\/product\/6422","targetHints":{"allow":["GET"]}}],"collection":[{"href":"https:\/\/azoteadesanti.es\/en\/wp-json\/wp\/v2\/product"}],"about":[{"href":"https:\/\/azoteadesanti.es\/en\/wp-json\/wp\/v2\/types\/product"}],"version-history":[{"count":0,"href":"https:\/\/azoteadesanti.es\/en\/wp-json\/wp\/v2\/product\/6422\/revisions"}],"wp:featuredmedia":[{"embeddable":true,"href":"https:\/\/azoteadesanti.es\/en\/wp-json\/wp\/v2\/media\/6439"}],"wp:attachment":[{"href":"https:\/\/azoteadesanti.es\/en\/wp-json\/wp\/v2\/media?parent=6422"}],"wp:term":[{"taxonomy":"product_brand","embeddable":true,"href":"https:\/\/azoteadesanti.es\/en\/wp-json\/wp\/v2\/product_brand?post=6422"},{"taxonomy":"product_cat","embeddable":true,"href":"https:\/\/azoteadesanti.es\/en\/wp-json\/wp\/v2\/product_cat?post=6422"},{"taxonomy":"product_tag","embeddable":true,"href":"https:\/\/azoteadesanti.es\/en\/wp-json\/wp\/v2\/product_tag?post=6422"}],"curies":[{"name":"wp","href":"https:\/\/api.w.org\/{rel}","templated":true}]}}