{"id":6447,"date":"2024-02-26T11:22:55","date_gmt":"2024-02-26T11:22:55","guid":{"rendered":"https:\/\/azoteadesanti.es\/producto\/%f0%9f%90%acdelfin-peques\/"},"modified":"2024-02-26T11:23:34","modified_gmt":"2024-02-26T11:23:34","slug":"%f0%9f%90%acdelfin-peques","status":"publish","type":"product","link":"https:\/\/azoteadesanti.es\/en\/producto\/%f0%9f%90%acdelfin-peques\/","title":{"rendered":"\ud83d\udc2cDelf\u00edn peques"},"content":{"rendered":"<p>Algod\u00f3n 100%, suave y resistente. Especial para la actividad y la gracia que tienen tus ni\u00f1@s y estos cet\u00e1ceos (en libertad, claro)<\/p>\n<p>\u2022 100% algod\u00f3n peinado e hilado en anillos<br \/>\n\u2022 Peso del tejido: 142 g\/m\u00b2<br \/>\n\u2022 Corte relajado para confort extra<br \/>\n\u2022 Tela prelavada<br \/>\n\u2022 Costuras laterales<\/p>\n","protected":false},"excerpt":{"rendered":"<p>Algod\u00f3n 100%, suave y resistente. Especial para la actividad y la gracia que tienen tus ni\u00f1@s y estos cet\u00e1ceos (en libertad, claro) \u2022 100% algod\u00f3n peinado e hilado en anillos \u2022 Peso del tejido: 142 g\/m\u00b2 \u2022 Corte relajado para confort extra \u2022 Tela prelavada \u2022 Costuras laterales<\/p>\n","protected":false},"featured_media":6460,"template":"","meta":[],"product_brand":[],"product_cat":[438,434,66],"product_tag":[],"class_list":{"0":"post-6447","1":"product","2":"type-product","3":"status-publish","4":"has-post-thumbnail","6":"product_cat-camisetas-remeras-ninos","7":"product_cat-ninos","8":"product_cat-ropa","9":"pa_color-blanco","10":"pa_color-negro","11":"pa_talla-2t","12":"pa_talla-3t","13":"pa_talla-4t","14":"pa_talla-5t","17":"first","18":"instock","19":"taxable","20":"shipping-taxable","21":"purchasable","22":"product-type-variable"},"_links":{"self":[{"href":"https:\/\/azoteadesanti.es\/en\/wp-json\/wp\/v2\/product\/6447","targetHints":{"allow":["GET"]}}],"collection":[{"href":"https:\/\/azoteadesanti.es\/en\/wp-json\/wp\/v2\/product"}],"about":[{"href":"https:\/\/azoteadesanti.es\/en\/wp-json\/wp\/v2\/types\/product"}],"version-history":[{"count":0,"href":"https:\/\/azoteadesanti.es\/en\/wp-json\/wp\/v2\/product\/6447\/revisions"}],"wp:featuredmedia":[{"embeddable":true,"href":"https:\/\/azoteadesanti.es\/en\/wp-json\/wp\/v2\/media\/6460"}],"wp:attachment":[{"href":"https:\/\/azoteadesanti.es\/en\/wp-json\/wp\/v2\/media?parent=6447"}],"wp:term":[{"taxonomy":"product_brand","embeddable":true,"href":"https:\/\/azoteadesanti.es\/en\/wp-json\/wp\/v2\/product_brand?post=6447"},{"taxonomy":"product_cat","embeddable":true,"href":"https:\/\/azoteadesanti.es\/en\/wp-json\/wp\/v2\/product_cat?post=6447"},{"taxonomy":"product_tag","embeddable":true,"href":"https:\/\/azoteadesanti.es\/en\/wp-json\/wp\/v2\/product_tag?post=6447"}],"curies":[{"name":"wp","href":"https:\/\/api.w.org\/{rel}","templated":true}]}}