{"id":6468,"date":"2024-02-26T11:53:27","date_gmt":"2024-02-26T11:53:27","guid":{"rendered":"https:\/\/azoteadesanti.es\/producto\/caballito-de-mar-unisex\/"},"modified":"2024-02-26T11:54:05","modified_gmt":"2024-02-26T11:54:05","slug":"caballito-de-mar-unisex","status":"publish","type":"product","link":"https:\/\/azoteadesanti.es\/en\/producto\/caballito-de-mar-unisex\/","title":{"rendered":"Caballito de mar Unisex"},"content":{"rendered":"<p>Liviano, resistente, suave y c\u00f3moda&#8230; Para hacer que esta camiseta de algod\u00f3n 100% sea perfecta, lleva el estampado que resaltar\u00e1 tu estilo, como Santi, nunca pasa desapercibido\ud83d\ude1c.<\/p>\n<p>\u2022 Algod\u00f3n 100% hilado en anillos<br \/>\n\u2022 153 g\/m\u00b2<br \/>\n\u2022 Refuerzo de doble costura de hombro a hombro<br \/>\n\u2022 Cuerpo con un cuarto de vuelta para evitar arrugas en el centro<\/p>\n","protected":false},"excerpt":{"rendered":"<p>Liviano, resistente, suave y c\u00f3moda&#8230; Para hacer que esta camiseta de algod\u00f3n 100% sea perfecta, lleva el estampado que resaltar\u00e1 tu estilo, como Santi, nunca pasa desapercibido\ud83d\ude1c. \u2022 Algod\u00f3n 100% hilado en anillos \u2022 153 g\/m\u00b2 \u2022 Refuerzo de doble costura de hombro a hombro \u2022 Cuerpo con un cuarto de vuelta para evitar arrugas [&hellip;]<\/p>\n","protected":false},"featured_media":6485,"template":"","meta":[],"product_brand":[],"product_cat":[435,65,66],"product_tag":[],"class_list":{"0":"post-6468","1":"product","2":"type-product","3":"status-publish","4":"has-post-thumbnail","6":"product_cat-adultos","7":"product_cat-camisetas-remeras","8":"product_cat-ropa","9":"pa_color-blanco","10":"pa_color-negro","11":"pa_talla-2xl","12":"pa_talla-3xl","13":"pa_talla-l","14":"pa_talla-m","15":"pa_talla-s","16":"pa_talla-xl","19":"first","20":"instock","21":"taxable","22":"shipping-taxable","23":"purchasable","24":"product-type-variable"},"_links":{"self":[{"href":"https:\/\/azoteadesanti.es\/en\/wp-json\/wp\/v2\/product\/6468","targetHints":{"allow":["GET"]}}],"collection":[{"href":"https:\/\/azoteadesanti.es\/en\/wp-json\/wp\/v2\/product"}],"about":[{"href":"https:\/\/azoteadesanti.es\/en\/wp-json\/wp\/v2\/types\/product"}],"version-history":[{"count":0,"href":"https:\/\/azoteadesanti.es\/en\/wp-json\/wp\/v2\/product\/6468\/revisions"}],"wp:featuredmedia":[{"embeddable":true,"href":"https:\/\/azoteadesanti.es\/en\/wp-json\/wp\/v2\/media\/6485"}],"wp:attachment":[{"href":"https:\/\/azoteadesanti.es\/en\/wp-json\/wp\/v2\/media?parent=6468"}],"wp:term":[{"taxonomy":"product_brand","embeddable":true,"href":"https:\/\/azoteadesanti.es\/en\/wp-json\/wp\/v2\/product_brand?post=6468"},{"taxonomy":"product_cat","embeddable":true,"href":"https:\/\/azoteadesanti.es\/en\/wp-json\/wp\/v2\/product_cat?post=6468"},{"taxonomy":"product_tag","embeddable":true,"href":"https:\/\/azoteadesanti.es\/en\/wp-json\/wp\/v2\/product_tag?post=6468"}],"curies":[{"name":"wp","href":"https:\/\/api.w.org\/{rel}","templated":true}]}}