{"id":6539,"date":"2024-02-26T17:52:49","date_gmt":"2024-02-26T17:52:49","guid":{"rendered":"https:\/\/azoteadesanti.es\/producto\/%f0%9f%90%actotebag-ecologica\/"},"modified":"2024-02-26T17:53:24","modified_gmt":"2024-02-26T17:53:24","slug":"%f0%9f%90%actotebag-ecologica","status":"publish","type":"product","link":"https:\/\/azoteadesanti.es\/en\/producto\/%f0%9f%90%actotebag-ecologica\/","title":{"rendered":"\ud83d\udc2cTotebag Ecol\u00f3gica"},"content":{"rendered":"<p>100% Sarga de algod\u00f3n, resistente para llevar lo que quieras, donde quieras. Especial para la actividad y la gracia que tienen tus ni\u00f1@s y estos cet\u00e1ceos (en libertad, claro)<\/p>\n<p>\u2022 100% sarga de algod\u00f3n org\u00e1nico certificado<br \/>\n\u2022 Peso del tejido: 272 g\/m\u00b2<br \/>\n\u2022 Dimensiones: 40,6 x 37 x 12,7cms  (16\u201d x 14 \u00bd\u201d x 5\u201d)<br \/>\n\u2022 Peso l\u00edmite: 13,6 kg (30lbs)<br \/>\n\u2022 Tiras de 2,5 cm (1&#8243;) de ancho, 62,2 cm (24,5&#8243;) de largo<\/p>\n","protected":false},"excerpt":{"rendered":"<p>100% Sarga de algod\u00f3n, resistente para llevar lo que quieras, donde quieras. Especial para la actividad y la gracia que tienen tus ni\u00f1@s y estos cet\u00e1ceos (en libertad, claro) \u2022 100% sarga de algod\u00f3n org\u00e1nico certificado \u2022 Peso del tejido: 272 g\/m\u00b2 \u2022 Dimensiones: 40,6 x 37 x 12,7cms (16\u201d x 14 \u00bd\u201d x 5\u201d) [&hellip;]<\/p>\n","protected":false},"featured_media":6544,"template":"","meta":[],"product_brand":[],"product_cat":[80,79],"product_tag":[],"class_list":{"0":"post-6539","1":"product","2":"type-product","3":"status-publish","4":"has-post-thumbnail","6":"product_cat-bolsa-de-tela","7":"product_cat-complementos","8":"pa_color-oyster","9":"pa_color-negro","12":"first","13":"instock","14":"taxable","15":"shipping-taxable","16":"purchasable","17":"product-type-variable"},"_links":{"self":[{"href":"https:\/\/azoteadesanti.es\/en\/wp-json\/wp\/v2\/product\/6539","targetHints":{"allow":["GET"]}}],"collection":[{"href":"https:\/\/azoteadesanti.es\/en\/wp-json\/wp\/v2\/product"}],"about":[{"href":"https:\/\/azoteadesanti.es\/en\/wp-json\/wp\/v2\/types\/product"}],"version-history":[{"count":0,"href":"https:\/\/azoteadesanti.es\/en\/wp-json\/wp\/v2\/product\/6539\/revisions"}],"wp:featuredmedia":[{"embeddable":true,"href":"https:\/\/azoteadesanti.es\/en\/wp-json\/wp\/v2\/media\/6544"}],"wp:attachment":[{"href":"https:\/\/azoteadesanti.es\/en\/wp-json\/wp\/v2\/media?parent=6539"}],"wp:term":[{"taxonomy":"product_brand","embeddable":true,"href":"https:\/\/azoteadesanti.es\/en\/wp-json\/wp\/v2\/product_brand?post=6539"},{"taxonomy":"product_cat","embeddable":true,"href":"https:\/\/azoteadesanti.es\/en\/wp-json\/wp\/v2\/product_cat?post=6539"},{"taxonomy":"product_tag","embeddable":true,"href":"https:\/\/azoteadesanti.es\/en\/wp-json\/wp\/v2\/product_tag?post=6539"}],"curies":[{"name":"wp","href":"https:\/\/api.w.org\/{rel}","templated":true}]}}