{"id":6566,"date":"2024-06-07T14:52:20","date_gmt":"2024-06-07T14:52:20","guid":{"rendered":"https:\/\/azoteadesanti.es\/producto\/moonstars%f0%9f%8c%95%f0%9f%8c%a0bolsa-organica-grande\/"},"modified":"2024-06-13T10:50:18","modified_gmt":"2024-06-13T10:50:18","slug":"moonstars%f0%9f%8c%95%f0%9f%8c%a0bolsa-organica-grande","status":"publish","type":"product","link":"https:\/\/azoteadesanti.es\/en\/producto\/moonstars%f0%9f%8c%95%f0%9f%8c%a0bolsa-organica-grande\/","title":{"rendered":"Moon+Stars\ud83c\udf15\ud83c\udf20bolsa org\u00e1nica GRANDE"},"content":{"rendered":"<p>Deslumbra con esta Luna y sus estrellas en una bolsa org\u00e1nica hecha con material duradero de alta calidad y de moda, tiene un refuerzo inferior que hace que la bolsa sea m\u00e1s espaciosa que la mayor\u00eda. Dise\u00f1o exclusivo desde la Azotea de Santi.<\/p>\n<p>\u2022 100\u00a0% algod\u00f3n org\u00e1nico certificado 3\/1 sarga<br \/>\n\u2022 Peso del tejido: 272 g\/m\u00b2<br \/>\n\u2022 Medidas: 50,8 \u00d7 35,6 \u00d7 12,7 cm<br \/>\n\u2022 Capacidad: 23 l<br \/>\n\u2022 L\u00edmite de peso: 13,6 kg<br \/>\n\u2022 2,5 \u00d7 63,5 cm de largo con tirantes dobles del mismo tejido<br \/>\n\u2022 Compartimento principal abierto, parte inferior plana<\/p>\n","protected":false},"excerpt":{"rendered":"<p>Deslumbra con esta Luna y sus estrellas en una bolsa org\u00e1nica hecha con material duradero de alta calidad y de moda, tiene un refuerzo inferior que hace que la bolsa sea m\u00e1s espaciosa que la mayor\u00eda. Dise\u00f1o exclusivo desde la Azotea de Santi. \u2022 100\u00a0% algod\u00f3n org\u00e1nico certificado 3\/1 sarga \u2022 Peso del tejido: 272 [&hellip;]<\/p>\n","protected":false},"featured_media":6569,"template":"","meta":[],"product_brand":[],"product_cat":[80,79,66,15],"product_tag":[619,620,621],"class_list":{"0":"post-6566","1":"product","2":"type-product","3":"status-publish","4":"has-post-thumbnail","6":"product_cat-bolsa-de-tela","7":"product_cat-complementos","8":"product_cat-ropa","9":"product_cat-uncategorized","10":"product_tag-bolsa-de-tela","11":"product_tag-complementos","12":"product_tag-ropa","13":"product_shipping_class-envio-gratuito","16":"first","17":"instock","18":"taxable","19":"shipping-taxable","20":"purchasable","21":"product-type-simple"},"_links":{"self":[{"href":"https:\/\/azoteadesanti.es\/en\/wp-json\/wp\/v2\/product\/6566","targetHints":{"allow":["GET"]}}],"collection":[{"href":"https:\/\/azoteadesanti.es\/en\/wp-json\/wp\/v2\/product"}],"about":[{"href":"https:\/\/azoteadesanti.es\/en\/wp-json\/wp\/v2\/types\/product"}],"version-history":[{"count":0,"href":"https:\/\/azoteadesanti.es\/en\/wp-json\/wp\/v2\/product\/6566\/revisions"}],"wp:featuredmedia":[{"embeddable":true,"href":"https:\/\/azoteadesanti.es\/en\/wp-json\/wp\/v2\/media\/6569"}],"wp:attachment":[{"href":"https:\/\/azoteadesanti.es\/en\/wp-json\/wp\/v2\/media?parent=6566"}],"wp:term":[{"taxonomy":"product_brand","embeddable":true,"href":"https:\/\/azoteadesanti.es\/en\/wp-json\/wp\/v2\/product_brand?post=6566"},{"taxonomy":"product_cat","embeddable":true,"href":"https:\/\/azoteadesanti.es\/en\/wp-json\/wp\/v2\/product_cat?post=6566"},{"taxonomy":"product_tag","embeddable":true,"href":"https:\/\/azoteadesanti.es\/en\/wp-json\/wp\/v2\/product_tag?post=6566"}],"curies":[{"name":"wp","href":"https:\/\/api.w.org\/{rel}","templated":true}]}}