{"id":6575,"date":"2024-06-07T16:20:45","date_gmt":"2024-06-07T16:20:45","guid":{"rendered":"https:\/\/azoteadesanti.es\/producto\/camiseta-clasica-para-nino\/"},"modified":"2024-06-07T16:21:30","modified_gmt":"2024-06-07T16:21:30","slug":"camiseta-clasica-para-nino","status":"publish","type":"product","link":"https:\/\/azoteadesanti.es\/en\/producto\/camiseta-clasica-para-nino\/","title":{"rendered":"Camiseta cl\u00e1sica para ni\u00f1o"},"content":{"rendered":"<p>Look playero para el verano, el oto\u00f1o y lo que dure la temporada surfera \ud83d\ude43. Gran durabilidad para aguantar la vida a no m\u00e1s de 1 km de la l\u00ednea de playa.<\/p>\n<p>\u2022 100% algod\u00f3n<br \/>\n\u2022 El tono Gris tiene 90% de algod\u00f3n y 10% de poli\u00e9ster<br \/>\n\u2022 Peso del tejido: 180 g\/m\u00b2<br \/>\n\u2022 Tejido preencogido<br \/>\n\u2022 Corte cl\u00e1sico<br \/>\n\u2022 Cuello y hombros sellados<br \/>\n\u2022 Fabricada con tintes de bajo impacto certificados por OEKO-TEX<\/p>\n","protected":false},"excerpt":{"rendered":"<p>Look playero para el verano, el oto\u00f1o y lo que dure la temporada surfera \ud83d\ude43. Gran durabilidad para aguantar la vida a no m\u00e1s de 1 km de la l\u00ednea de playa. \u2022 100% algod\u00f3n \u2022 El tono Gris tiene 90% de algod\u00f3n y 10% de poli\u00e9ster \u2022 Peso del tejido: 180 g\/m\u00b2 \u2022 Tejido [&hellip;]<\/p>\n","protected":false},"featured_media":6600,"template":"","meta":[],"product_brand":[],"product_cat":[436,437,438,434,66],"product_tag":[],"class_list":{"0":"post-6575","1":"product","2":"type-product","3":"status-publish","4":"has-post-thumbnail","6":"product_cat-adolescentes","7":"product_cat-camisetas-remeras-adolescentes","8":"product_cat-camisetas-remeras-ninos","9":"product_cat-ninos","10":"product_cat-ropa","11":"pa_color-gris-deportivo","12":"pa_color-marino","13":"pa_color-natural","14":"pa_color-negro","15":"pa_talla-l","16":"pa_talla-m","17":"pa_talla-s","18":"pa_talla-xl","19":"pa_talla-xs","22":"first","23":"instock","24":"taxable","25":"shipping-taxable","26":"purchasable","27":"product-type-variable"},"_links":{"self":[{"href":"https:\/\/azoteadesanti.es\/en\/wp-json\/wp\/v2\/product\/6575","targetHints":{"allow":["GET"]}}],"collection":[{"href":"https:\/\/azoteadesanti.es\/en\/wp-json\/wp\/v2\/product"}],"about":[{"href":"https:\/\/azoteadesanti.es\/en\/wp-json\/wp\/v2\/types\/product"}],"version-history":[{"count":0,"href":"https:\/\/azoteadesanti.es\/en\/wp-json\/wp\/v2\/product\/6575\/revisions"}],"wp:featuredmedia":[{"embeddable":true,"href":"https:\/\/azoteadesanti.es\/en\/wp-json\/wp\/v2\/media\/6600"}],"wp:attachment":[{"href":"https:\/\/azoteadesanti.es\/en\/wp-json\/wp\/v2\/media?parent=6575"}],"wp:term":[{"taxonomy":"product_brand","embeddable":true,"href":"https:\/\/azoteadesanti.es\/en\/wp-json\/wp\/v2\/product_brand?post=6575"},{"taxonomy":"product_cat","embeddable":true,"href":"https:\/\/azoteadesanti.es\/en\/wp-json\/wp\/v2\/product_cat?post=6575"},{"taxonomy":"product_tag","embeddable":true,"href":"https:\/\/azoteadesanti.es\/en\/wp-json\/wp\/v2\/product_tag?post=6575"}],"curies":[{"name":"wp","href":"https:\/\/api.w.org\/{rel}","templated":true}]}}