{"id":6612,"date":"2024-06-07T17:43:39","date_gmt":"2024-06-07T17:43:39","guid":{"rendered":"https:\/\/azoteadesanti.es\/producto\/bolsa-%f0%9f%98%b8%f0%9f%90%b6%f0%9f%90%b0organica-2\/"},"modified":"2024-06-13T10:50:40","modified_gmt":"2024-06-13T10:50:40","slug":"bolsa-%f0%9f%98%b8%f0%9f%90%b6%f0%9f%90%b0organica-2","status":"publish","type":"product","link":"https:\/\/azoteadesanti.es\/en\/producto\/bolsa-%f0%9f%98%b8%f0%9f%90%b6%f0%9f%90%b0organica-2\/","title":{"rendered":"Bolsa \ud83d\ude38\ud83d\udc36\ud83d\udc30org\u00e1nica"},"content":{"rendered":"<p>Material duradero de alta calidad, org\u00e1nico y de moda, tiene un refuerzo inferior que hace que la bolsa sea m\u00e1s espaciosa que la mayor\u00eda. Nuestros amigos Gato, Perro y Conejo acompa\u00f1ando tu estilazo.<\/p>\n<p>\u2022 100\u00a0% algod\u00f3n org\u00e1nico certificado 3\/1 sarga<br \/>\n\u2022 Peso del tejido: 272 g\/m\u00b2<br \/>\n\u2022 Medidas: 50,8 \u00d7 35,6 \u00d7 12,7 cm<br \/>\n\u2022 Capacidad: 23 l<br \/>\n\u2022 L\u00edmite de peso: 13,6 kg<br \/>\n\u2022 2,5 \u00d7 63,5 cm de largo con tirantes dobles del mismo tejido<br \/>\n\u2022 Compartimento principal abierto, parte inferior plana<\/p>\n","protected":false},"excerpt":{"rendered":"<p>Material duradero de alta calidad, org\u00e1nico y de moda, tiene un refuerzo inferior que hace que la bolsa sea m\u00e1s espaciosa que la mayor\u00eda. Nuestros amigos Gato, Perro y Conejo acompa\u00f1ando tu estilazo. \u2022 100\u00a0% algod\u00f3n org\u00e1nico certificado 3\/1 sarga \u2022 Peso del tejido: 272 g\/m\u00b2 \u2022 Medidas: 50,8 \u00d7 35,6 \u00d7 12,7 cm \u2022 [&hellip;]<\/p>\n","protected":false},"featured_media":6615,"template":"","meta":[],"product_brand":[],"product_cat":[80,79,66],"product_tag":[354,391,355],"class_list":{"0":"post-6612","1":"product","2":"type-product","3":"status-publish","4":"has-post-thumbnail","6":"product_cat-bolsa-de-tela","7":"product_cat-complementos","8":"product_cat-ropa","9":"product_tag-amigos","10":"product_tag-gato-perro-conejo","11":"product_tag-uso-diario","12":"product_shipping_class-envio-gratuito","15":"first","16":"instock","17":"taxable","18":"shipping-taxable","19":"purchasable","20":"product-type-simple"},"_links":{"self":[{"href":"https:\/\/azoteadesanti.es\/en\/wp-json\/wp\/v2\/product\/6612","targetHints":{"allow":["GET"]}}],"collection":[{"href":"https:\/\/azoteadesanti.es\/en\/wp-json\/wp\/v2\/product"}],"about":[{"href":"https:\/\/azoteadesanti.es\/en\/wp-json\/wp\/v2\/types\/product"}],"version-history":[{"count":0,"href":"https:\/\/azoteadesanti.es\/en\/wp-json\/wp\/v2\/product\/6612\/revisions"}],"wp:featuredmedia":[{"embeddable":true,"href":"https:\/\/azoteadesanti.es\/en\/wp-json\/wp\/v2\/media\/6615"}],"wp:attachment":[{"href":"https:\/\/azoteadesanti.es\/en\/wp-json\/wp\/v2\/media?parent=6612"}],"wp:term":[{"taxonomy":"product_brand","embeddable":true,"href":"https:\/\/azoteadesanti.es\/en\/wp-json\/wp\/v2\/product_brand?post=6612"},{"taxonomy":"product_cat","embeddable":true,"href":"https:\/\/azoteadesanti.es\/en\/wp-json\/wp\/v2\/product_cat?post=6612"},{"taxonomy":"product_tag","embeddable":true,"href":"https:\/\/azoteadesanti.es\/en\/wp-json\/wp\/v2\/product_tag?post=6612"}],"curies":[{"name":"wp","href":"https:\/\/api.w.org\/{rel}","templated":true}]}}