{"id":6621,"date":"2024-06-07T18:32:45","date_gmt":"2024-06-07T18:32:45","guid":{"rendered":"https:\/\/azoteadesanti.es\/producto\/%f0%9f%90%b3ballena-bolsa-de-tela-organica\/"},"modified":"2024-06-13T10:53:38","modified_gmt":"2024-06-13T10:53:38","slug":"%f0%9f%90%b3ballena-bolsa-de-tela-organica","status":"publish","type":"product","link":"https:\/\/azoteadesanti.es\/en\/producto\/%f0%9f%90%b3ballena-bolsa-de-tela-organica\/","title":{"rendered":"\ud83d\udc33Ballena \u2013 Bolsa de tela org\u00e1nica"},"content":{"rendered":"<p>Una bolsa espaciosa de algod\u00f3n org\u00e1nico y una belleza del mar para alegrar la bolsa y tu d\u00eda. El complemento perfecto para tu look de diario.<\/p>\n<p>\u2022 Sarga 3\/1 100\u00a0% algod\u00f3n org\u00e1nico certificado<br \/>\n\u2022 Peso del tejido: 272 g\/m\u00b2<br \/>\n\u2022 Dimensiones: 40,6 cm \u00d7 35,6 cm \u00d7 12,7 cm<br \/>\n\u2022 L\u00edmite de peso: 13,6 kg<br \/>\n\u2022 Correas dobles de 2,5 cm de ancho<br \/>\n\u2022 Compartimento principal abierto<\/p>\n","protected":false},"excerpt":{"rendered":"<p>Una bolsa espaciosa de algod\u00f3n org\u00e1nico y una belleza del mar para alegrar la bolsa y tu d\u00eda. El complemento perfecto para tu look de diario. \u2022 Sarga 3\/1 100\u00a0% algod\u00f3n org\u00e1nico certificado \u2022 Peso del tejido: 272 g\/m\u00b2 \u2022 Dimensiones: 40,6 cm \u00d7 35,6 cm \u00d7 12,7 cm \u2022 L\u00edmite de peso: 13,6 kg [&hellip;]<\/p>\n","protected":false},"featured_media":6626,"template":"","meta":[],"product_brand":[],"product_cat":[80,79,66],"product_tag":[354,356,392],"class_list":{"0":"post-6621","1":"product","2":"type-product","3":"status-publish","4":"has-post-thumbnail","6":"product_cat-bolsa-de-tela","7":"product_cat-complementos","8":"product_cat-ropa","9":"product_tag-amigos","10":"product_tag-mar","11":"product_tag-naturaleza","12":"product_shipping_class-envio-gratuito","13":"pa_color-oyster","14":"pa_color-negro","17":"first","18":"instock","19":"taxable","20":"shipping-taxable","21":"purchasable","22":"product-type-variable"},"_links":{"self":[{"href":"https:\/\/azoteadesanti.es\/en\/wp-json\/wp\/v2\/product\/6621","targetHints":{"allow":["GET"]}}],"collection":[{"href":"https:\/\/azoteadesanti.es\/en\/wp-json\/wp\/v2\/product"}],"about":[{"href":"https:\/\/azoteadesanti.es\/en\/wp-json\/wp\/v2\/types\/product"}],"version-history":[{"count":0,"href":"https:\/\/azoteadesanti.es\/en\/wp-json\/wp\/v2\/product\/6621\/revisions"}],"wp:featuredmedia":[{"embeddable":true,"href":"https:\/\/azoteadesanti.es\/en\/wp-json\/wp\/v2\/media\/6626"}],"wp:attachment":[{"href":"https:\/\/azoteadesanti.es\/en\/wp-json\/wp\/v2\/media?parent=6621"}],"wp:term":[{"taxonomy":"product_brand","embeddable":true,"href":"https:\/\/azoteadesanti.es\/en\/wp-json\/wp\/v2\/product_brand?post=6621"},{"taxonomy":"product_cat","embeddable":true,"href":"https:\/\/azoteadesanti.es\/en\/wp-json\/wp\/v2\/product_cat?post=6621"},{"taxonomy":"product_tag","embeddable":true,"href":"https:\/\/azoteadesanti.es\/en\/wp-json\/wp\/v2\/product_tag?post=6621"}],"curies":[{"name":"wp","href":"https:\/\/api.w.org\/{rel}","templated":true}]}}