{"id":6647,"date":"2024-06-07T19:04:09","date_gmt":"2024-06-07T19:04:09","guid":{"rendered":"https:\/\/azoteadesanti.es\/producto\/%f0%9f%91%9cbolsa-de-tela-emociones-2\/"},"modified":"2024-06-13T10:52:15","modified_gmt":"2024-06-13T10:52:15","slug":"%f0%9f%91%9cbolsa-de-tela-emociones","status":"publish","type":"product","link":"https:\/\/azoteadesanti.es\/en\/producto\/%f0%9f%91%9cbolsa-de-tela-emociones\/","title":{"rendered":"\ud83d\udc5cBolsa de tela \u2013 Emociones"},"content":{"rendered":"<p>Una bolsa espaciosa de algod\u00f3n con un dise\u00f1o que te acompa\u00f1a, tengas el humor que tengas. El complemento perfecto para tu look de diario. <\/p>\n<p>\u2022 Sarga 3\/1 100\u00a0% algod\u00f3n org\u00e1nico certificado<br \/>\n\u2022 Peso del tejido: 272 g\/m\u00b2<br \/>\n\u2022 Dimensiones: 40,6 cm \u00d7 35,6 cm \u00d7 12,7 cm<br \/>\n\u2022 L\u00edmite de peso: 13,6 kg<br \/>\n\u2022 Correas dobles de 2,5 cm de ancho<br \/>\n\u2022 Compartimento principal abierto<\/p>\n","protected":false},"excerpt":{"rendered":"<p>Una bolsa espaciosa de algod\u00f3n con un dise\u00f1o que te acompa\u00f1a, tengas el humor que tengas. El complemento perfecto para tu look de diario. \u2022 Sarga 3\/1 100\u00a0% algod\u00f3n org\u00e1nico certificado \u2022 Peso del tejido: 272 g\/m\u00b2 \u2022 Dimensiones: 40,6 cm \u00d7 35,6 cm \u00d7 12,7 cm \u2022 L\u00edmite de peso: 13,6 kg \u2022 Correas [&hellip;]<\/p>\n","protected":false},"featured_media":6650,"template":"","meta":[],"product_brand":[],"product_cat":[80,79,66],"product_tag":[390],"class_list":{"0":"post-6647","1":"product","2":"type-product","3":"status-publish","4":"has-post-thumbnail","6":"product_cat-bolsa-de-tela","7":"product_cat-complementos","8":"product_cat-ropa","9":"product_tag-emociones","10":"product_shipping_class-envio-gratuito","13":"first","14":"instock","15":"taxable","16":"shipping-taxable","17":"purchasable","18":"product-type-simple"},"_links":{"self":[{"href":"https:\/\/azoteadesanti.es\/en\/wp-json\/wp\/v2\/product\/6647","targetHints":{"allow":["GET"]}}],"collection":[{"href":"https:\/\/azoteadesanti.es\/en\/wp-json\/wp\/v2\/product"}],"about":[{"href":"https:\/\/azoteadesanti.es\/en\/wp-json\/wp\/v2\/types\/product"}],"version-history":[{"count":0,"href":"https:\/\/azoteadesanti.es\/en\/wp-json\/wp\/v2\/product\/6647\/revisions"}],"wp:featuredmedia":[{"embeddable":true,"href":"https:\/\/azoteadesanti.es\/en\/wp-json\/wp\/v2\/media\/6650"}],"wp:attachment":[{"href":"https:\/\/azoteadesanti.es\/en\/wp-json\/wp\/v2\/media?parent=6647"}],"wp:term":[{"taxonomy":"product_brand","embeddable":true,"href":"https:\/\/azoteadesanti.es\/en\/wp-json\/wp\/v2\/product_brand?post=6647"},{"taxonomy":"product_cat","embeddable":true,"href":"https:\/\/azoteadesanti.es\/en\/wp-json\/wp\/v2\/product_cat?post=6647"},{"taxonomy":"product_tag","embeddable":true,"href":"https:\/\/azoteadesanti.es\/en\/wp-json\/wp\/v2\/product_tag?post=6647"}],"curies":[{"name":"wp","href":"https:\/\/api.w.org\/{rel}","templated":true}]}}